{"id":525,"date":"2026-02-07T02:25:44","date_gmt":"2026-02-07T02:25:44","guid":{"rendered":"https:\/\/ivftravesi.care\/?page_id=525"},"modified":"2026-02-07T02:25:45","modified_gmt":"2026-02-07T02:25:45","slug":"fecundacion-in-vitro","status":"publish","type":"page","link":"https:\/\/ivftravesi.care\/en\/fecundacion-in-vitro\/","title":{"rendered":"Fecundaci\u00f3n in Vitro en San Quintin"},"content":{"rendered":"","protected":false},"excerpt":{"rendered":"","protected":false},"author":1,"featured_media":0,"parent":0,"menu_order":0,"comment_status":"closed","ping_status":"closed","template":"","meta":{"_joinchat":[],"footnotes":""},"class_list":["post-525","page","type-page","status-publish","hentry"],"blocksy_meta":[],"yoast_head":"<!-- This site is optimized with the Yoast SEO plugin v27.2 - https:\/\/yoast.com\/product\/yoast-seo-wordpress\/ -->\n<title>Fecundaci\u00f3n in Vitro en San Quintin - Especialista In Vitro<\/title>\n<meta name=\"description\" content=\"Descubre la fecundaci\u00f3n in vitro en San Quint\u00edn con el Dr. Alejandro Travesi, donde la ciencia de vanguardia se une a un cuidado personalizado para hacer realidad tu sue\u00f1o.\" \/>\n<meta name=\"robots\" content=\"index, follow, max-snippet:-1, max-image-preview:large, max-video-preview:-1\" \/>\n<link rel=\"canonical\" href=\"https:\/\/ivftravesi.care\/en\/fecundacion-in-vitro\/\" \/>\n<meta property=\"og:locale\" content=\"en_US\" \/>\n<meta property=\"og:type\" content=\"article\" \/>\n<meta property=\"og:title\" content=\"Fecundaci\u00f3n in Vitro en San Quintin - Especialista In Vitro\" \/>\n<meta property=\"og:description\" content=\"Descubre la fecundaci\u00f3n in vitro en San Quint\u00edn con el Dr. Alejandro Travesi, donde la ciencia de vanguardia se une a un cuidado personalizado para hacer realidad tu sue\u00f1o.\" \/>\n<meta property=\"og:url\" content=\"https:\/\/ivftravesi.care\/en\/fecundacion-in-vitro\/\" \/>\n<meta property=\"og:site_name\" content=\"Especialista In Vitro\" \/>\n<meta property=\"article:modified_time\" content=\"2026-02-07T02:25:45+00:00\" \/>\n<meta property=\"og:image\" content=\"https:\/\/ivftravesi.care\/wp-content\/uploads\/2025\/11\/Mejor-Clinica-de-fertilidad-en-tijuana_.jpg\" \/>\n\t<meta property=\"og:image:width\" content=\"1920\" \/>\n\t<meta property=\"og:image:height\" content=\"1080\" \/>\n\t<meta property=\"og:image:type\" content=\"image\/jpeg\" \/>\n<meta name=\"twitter:card\" content=\"summary_large_image\" \/>\n<script type=\"application\/ld+json\" class=\"yoast-schema-graph\">{\"@context\":\"https:\/\/schema.org\",\"@graph\":[{\"@type\":\"WebPage\",\"@id\":\"https:\/\/ivftravesi.care\/fecundacion-in-vitro\/\",\"url\":\"https:\/\/ivftravesi.care\/fecundacion-in-vitro\/\",\"name\":\"Fecundaci\u00f3n in Vitro en San Quintin - Especialista In Vitro\",\"isPartOf\":{\"@id\":\"https:\/\/ivftravesi.care\/#website\"},\"datePublished\":\"2026-02-07T02:25:44+00:00\",\"dateModified\":\"2026-02-07T02:25:45+00:00\",\"description\":\"Descubre la fecundaci\u00f3n in vitro en San Quint\u00edn con el Dr. Alejandro Travesi, donde la ciencia de vanguardia se une a un cuidado personalizado para hacer realidad tu sue\u00f1o.\",\"breadcrumb\":{\"@id\":\"https:\/\/ivftravesi.care\/fecundacion-in-vitro\/#breadcrumb\"},\"inLanguage\":\"en-US\",\"potentialAction\":[{\"@type\":\"ReadAction\",\"target\":[\"https:\/\/ivftravesi.care\/fecundacion-in-vitro\/\"]}]},{\"@type\":\"BreadcrumbList\",\"@id\":\"https:\/\/ivftravesi.care\/fecundacion-in-vitro\/#breadcrumb\",\"itemListElement\":[{\"@type\":\"ListItem\",\"position\":1,\"name\":\"Home\",\"item\":\"https:\/\/ivftravesi.care\/\"},{\"@type\":\"ListItem\",\"position\":2,\"name\":\"Fecundaci\u00f3n in Vitro en San Quintin\"}]},{\"@type\":\"WebSite\",\"@id\":\"https:\/\/ivftravesi.care\/#website\",\"url\":\"https:\/\/ivftravesi.care\/\",\"name\":\"Especialista In Vitro\",\"description\":\"Fecundacion In Vitro\",\"publisher\":{\"@id\":\"https:\/\/ivftravesi.care\/#\/schema\/person\/acfa38fba0f8d3086769adab251d4e11\"},\"alternateName\":\"Cl\u00ednica de Fertilidad en Tijuana\",\"potentialAction\":[{\"@type\":\"SearchAction\",\"target\":{\"@type\":\"EntryPoint\",\"urlTemplate\":\"https:\/\/ivftravesi.care\/?s={search_term_string}\"},\"query-input\":{\"@type\":\"PropertyValueSpecification\",\"valueRequired\":true,\"valueName\":\"search_term_string\"}}],\"inLanguage\":\"en-US\"},{\"@type\":[\"Person\",\"Organization\"],\"@id\":\"https:\/\/ivftravesi.care\/#\/schema\/person\/acfa38fba0f8d3086769adab251d4e11\",\"name\":\"franciscoalejandrotravesi@gmail.com\",\"image\":{\"@type\":\"ImageObject\",\"inLanguage\":\"en-US\",\"@id\":\"https:\/\/ivftravesi.care\/wp-content\/uploads\/2025\/11\/Especialista-en-Infertilidad.png\",\"url\":\"https:\/\/ivftravesi.care\/wp-content\/uploads\/2025\/11\/Especialista-en-Infertilidad.png\",\"contentUrl\":\"https:\/\/ivftravesi.care\/wp-content\/uploads\/2025\/11\/Especialista-en-Infertilidad.png\",\"width\":882,\"height\":818,\"caption\":\"franciscoalejandrotravesi@gmail.com\"},\"logo\":{\"@id\":\"https:\/\/ivftravesi.care\/wp-content\/uploads\/2025\/11\/Especialista-en-Infertilidad.png\"},\"sameAs\":[\"https:\/\/ivftravesi.care\"]}]}<\/script>\n<!-- \/ Yoast SEO plugin. -->","yoast_head_json":{"title":"Fecundaci\u00f3n in Vitro en San Quintin - Especialista In Vitro","description":"Descubre la fecundaci\u00f3n in vitro en San Quint\u00edn con el Dr. Alejandro Travesi, donde la ciencia de vanguardia se une a un cuidado personalizado para hacer realidad tu sue\u00f1o.","robots":{"index":"index","follow":"follow","max-snippet":"max-snippet:-1","max-image-preview":"max-image-preview:large","max-video-preview":"max-video-preview:-1"},"canonical":"https:\/\/ivftravesi.care\/en\/fecundacion-in-vitro\/","og_locale":"en_US","og_type":"article","og_title":"Fecundaci\u00f3n in Vitro en San Quintin - Especialista In Vitro","og_description":"Descubre la fecundaci\u00f3n in vitro en San Quint\u00edn con el Dr. Alejandro Travesi, donde la ciencia de vanguardia se une a un cuidado personalizado para hacer realidad tu sue\u00f1o.","og_url":"https:\/\/ivftravesi.care\/en\/fecundacion-in-vitro\/","og_site_name":"Especialista In Vitro","article_modified_time":"2026-02-07T02:25:45+00:00","og_image":[{"width":1920,"height":1080,"url":"https:\/\/ivftravesi.care\/wp-content\/uploads\/2025\/11\/Mejor-Clinica-de-fertilidad-en-tijuana_.jpg","type":"image\/jpeg"}],"twitter_card":"summary_large_image","schema":{"@context":"https:\/\/schema.org","@graph":[{"@type":"WebPage","@id":"https:\/\/ivftravesi.care\/fecundacion-in-vitro\/","url":"https:\/\/ivftravesi.care\/fecundacion-in-vitro\/","name":"Fecundaci\u00f3n in Vitro en San Quintin - Especialista In Vitro","isPartOf":{"@id":"https:\/\/ivftravesi.care\/#website"},"datePublished":"2026-02-07T02:25:44+00:00","dateModified":"2026-02-07T02:25:45+00:00","description":"Descubre la fecundaci\u00f3n in vitro en San Quint\u00edn con el Dr. Alejandro Travesi, donde la ciencia de vanguardia se une a un cuidado personalizado para hacer realidad tu sue\u00f1o.","breadcrumb":{"@id":"https:\/\/ivftravesi.care\/fecundacion-in-vitro\/#breadcrumb"},"inLanguage":"en-US","potentialAction":[{"@type":"ReadAction","target":["https:\/\/ivftravesi.care\/fecundacion-in-vitro\/"]}]},{"@type":"BreadcrumbList","@id":"https:\/\/ivftravesi.care\/fecundacion-in-vitro\/#breadcrumb","itemListElement":[{"@type":"ListItem","position":1,"name":"Home","item":"https:\/\/ivftravesi.care\/"},{"@type":"ListItem","position":2,"name":"Fecundaci\u00f3n in Vitro en San Quintin"}]},{"@type":"WebSite","@id":"https:\/\/ivftravesi.care\/#website","url":"https:\/\/ivftravesi.care\/","name":"Especialista In Vitro","description":"Fecundacion In Vitro","publisher":{"@id":"https:\/\/ivftravesi.care\/#\/schema\/person\/acfa38fba0f8d3086769adab251d4e11"},"alternateName":"Cl\u00ednica de Fertilidad en Tijuana","potentialAction":[{"@type":"SearchAction","target":{"@type":"EntryPoint","urlTemplate":"https:\/\/ivftravesi.care\/?s={search_term_string}"},"query-input":{"@type":"PropertyValueSpecification","valueRequired":true,"valueName":"search_term_string"}}],"inLanguage":"en-US"},{"@type":["Person","Organization"],"@id":"https:\/\/ivftravesi.care\/#\/schema\/person\/acfa38fba0f8d3086769adab251d4e11","name":"franciscoalejandrotravesi@gmail.com","image":{"@type":"ImageObject","inLanguage":"en-US","@id":"https:\/\/ivftravesi.care\/wp-content\/uploads\/2025\/11\/Especialista-en-Infertilidad.png","url":"https:\/\/ivftravesi.care\/wp-content\/uploads\/2025\/11\/Especialista-en-Infertilidad.png","contentUrl":"https:\/\/ivftravesi.care\/wp-content\/uploads\/2025\/11\/Especialista-en-Infertilidad.png","width":882,"height":818,"caption":"franciscoalejandrotravesi@gmail.com"},"logo":{"@id":"https:\/\/ivftravesi.care\/wp-content\/uploads\/2025\/11\/Especialista-en-Infertilidad.png"},"sameAs":["https:\/\/ivftravesi.care"]}]}},"_hostinger_reach_plugin_has_subscription_block":false,"_hostinger_reach_plugin_is_elementor":false,"_links":{"self":[{"href":"https:\/\/ivftravesi.care\/en\/wp-json\/wp\/v2\/pages\/525","targetHints":{"allow":["GET"]}}],"collection":[{"href":"https:\/\/ivftravesi.care\/en\/wp-json\/wp\/v2\/pages"}],"about":[{"href":"https:\/\/ivftravesi.care\/en\/wp-json\/wp\/v2\/types\/page"}],"author":[{"embeddable":true,"href":"https:\/\/ivftravesi.care\/en\/wp-json\/wp\/v2\/users\/1"}],"replies":[{"embeddable":true,"href":"https:\/\/ivftravesi.care\/en\/wp-json\/wp\/v2\/comments?post=525"}],"version-history":[{"count":1,"href":"https:\/\/ivftravesi.care\/en\/wp-json\/wp\/v2\/pages\/525\/revisions"}],"predecessor-version":[{"id":526,"href":"https:\/\/ivftravesi.care\/en\/wp-json\/wp\/v2\/pages\/525\/revisions\/526"}],"wp:attachment":[{"href":"https:\/\/ivftravesi.care\/en\/wp-json\/wp\/v2\/media?parent=525"}],"curies":[{"name":"wp","href":"https:\/\/api.w.org\/{rel}","templated":true}]}}