{"id":208,"date":"2025-12-27T01:42:05","date_gmt":"2025-12-27T01:42:05","guid":{"rendered":"https:\/\/ivftravesi.care\/?page_id=208"},"modified":"2025-12-27T01:42:06","modified_gmt":"2025-12-27T01:42:06","slug":"reconexion-de-trompas-de-falopio","status":"publish","type":"page","link":"https:\/\/ivftravesi.care\/en\/reconexion-de-trompas-de-falopio\/","title":{"rendered":"Cirug\u00eda de trompas de Falopio en Tijuana"},"content":{"rendered":"","protected":false},"excerpt":{"rendered":"","protected":false},"author":1,"featured_media":0,"parent":0,"menu_order":0,"comment_status":"closed","ping_status":"closed","template":"","meta":{"_joinchat":[],"footnotes":""},"class_list":["post-208","page","type-page","status-publish","hentry"],"blocksy_meta":[],"yoast_head":"<!-- This site is optimized with the Yoast SEO plugin v27.2 - https:\/\/yoast.com\/product\/yoast-seo-wordpress\/ -->\n<title>Cirug\u00eda de trompas de Falopio en Tijuana - Especialista In Vitro<\/title>\n<meta name=\"description\" content=\"Dr. Alejandro Travesi especialista en OTB Salpingo en Tijuana. Obtenga atenci\u00f3n m\u00e9dica de primer nivel en nuestras cl\u00ednicas certificadas.\" \/>\n<meta name=\"robots\" content=\"index, follow, max-snippet:-1, max-image-preview:large, max-video-preview:-1\" \/>\n<link rel=\"canonical\" href=\"https:\/\/ivftravesi.care\/en\/reconexion-de-trompas-de-falopio\/\" \/>\n<meta property=\"og:locale\" content=\"en_US\" \/>\n<meta property=\"og:type\" content=\"article\" \/>\n<meta property=\"og:title\" content=\"Cirug\u00eda de trompas de Falopio en Tijuana - Especialista In Vitro\" \/>\n<meta property=\"og:description\" content=\"Dr. Alejandro Travesi especialista en OTB Salpingo en Tijuana. Obtenga atenci\u00f3n m\u00e9dica de primer nivel en nuestras cl\u00ednicas certificadas.\" \/>\n<meta property=\"og:url\" content=\"https:\/\/ivftravesi.care\/en\/reconexion-de-trompas-de-falopio\/\" \/>\n<meta property=\"og:site_name\" content=\"Especialista In Vitro\" \/>\n<meta property=\"article:modified_time\" content=\"2025-12-27T01:42:06+00:00\" \/>\n<meta property=\"og:image\" content=\"https:\/\/ivftravesi.care\/wp-content\/uploads\/2025\/11\/Mejor-Clinica-de-fertilidad-en-tijuana_.jpg\" \/>\n\t<meta property=\"og:image:width\" content=\"1920\" \/>\n\t<meta property=\"og:image:height\" content=\"1080\" \/>\n\t<meta property=\"og:image:type\" content=\"image\/jpeg\" \/>\n<meta name=\"twitter:card\" content=\"summary_large_image\" \/>\n<script type=\"application\/ld+json\" class=\"yoast-schema-graph\">{\"@context\":\"https:\/\/schema.org\",\"@graph\":[{\"@type\":\"WebPage\",\"@id\":\"https:\/\/ivftravesi.care\/reconexion-de-trompas-de-falopio\/\",\"url\":\"https:\/\/ivftravesi.care\/reconexion-de-trompas-de-falopio\/\",\"name\":\"Cirug\u00eda de trompas de Falopio en Tijuana - Especialista In Vitro\",\"isPartOf\":{\"@id\":\"https:\/\/ivftravesi.care\/#website\"},\"datePublished\":\"2025-12-27T01:42:05+00:00\",\"dateModified\":\"2025-12-27T01:42:06+00:00\",\"description\":\"Dr. Alejandro Travesi especialista en OTB Salpingo en Tijuana. Obtenga atenci\u00f3n m\u00e9dica de primer nivel en nuestras cl\u00ednicas certificadas.\",\"breadcrumb\":{\"@id\":\"https:\/\/ivftravesi.care\/reconexion-de-trompas-de-falopio\/#breadcrumb\"},\"inLanguage\":\"en-US\",\"potentialAction\":[{\"@type\":\"ReadAction\",\"target\":[\"https:\/\/ivftravesi.care\/reconexion-de-trompas-de-falopio\/\"]}]},{\"@type\":\"BreadcrumbList\",\"@id\":\"https:\/\/ivftravesi.care\/reconexion-de-trompas-de-falopio\/#breadcrumb\",\"itemListElement\":[{\"@type\":\"ListItem\",\"position\":1,\"name\":\"Home\",\"item\":\"https:\/\/ivftravesi.care\/\"},{\"@type\":\"ListItem\",\"position\":2,\"name\":\"Cirug\u00eda de trompas de Falopio en Tijuana\"}]},{\"@type\":\"WebSite\",\"@id\":\"https:\/\/ivftravesi.care\/#website\",\"url\":\"https:\/\/ivftravesi.care\/\",\"name\":\"Especialista In Vitro\",\"description\":\"Fecundacion In Vitro\",\"publisher\":{\"@id\":\"https:\/\/ivftravesi.care\/#\/schema\/person\/acfa38fba0f8d3086769adab251d4e11\"},\"alternateName\":\"Cl\u00ednica de Fertilidad en Tijuana\",\"potentialAction\":[{\"@type\":\"SearchAction\",\"target\":{\"@type\":\"EntryPoint\",\"urlTemplate\":\"https:\/\/ivftravesi.care\/?s={search_term_string}\"},\"query-input\":{\"@type\":\"PropertyValueSpecification\",\"valueRequired\":true,\"valueName\":\"search_term_string\"}}],\"inLanguage\":\"en-US\"},{\"@type\":[\"Person\",\"Organization\"],\"@id\":\"https:\/\/ivftravesi.care\/#\/schema\/person\/acfa38fba0f8d3086769adab251d4e11\",\"name\":\"franciscoalejandrotravesi@gmail.com\",\"image\":{\"@type\":\"ImageObject\",\"inLanguage\":\"en-US\",\"@id\":\"https:\/\/ivftravesi.care\/wp-content\/uploads\/2025\/11\/Especialista-en-Infertilidad.png\",\"url\":\"https:\/\/ivftravesi.care\/wp-content\/uploads\/2025\/11\/Especialista-en-Infertilidad.png\",\"contentUrl\":\"https:\/\/ivftravesi.care\/wp-content\/uploads\/2025\/11\/Especialista-en-Infertilidad.png\",\"width\":882,\"height\":818,\"caption\":\"franciscoalejandrotravesi@gmail.com\"},\"logo\":{\"@id\":\"https:\/\/ivftravesi.care\/wp-content\/uploads\/2025\/11\/Especialista-en-Infertilidad.png\"},\"sameAs\":[\"https:\/\/ivftravesi.care\"]}]}<\/script>\n<!-- \/ Yoast SEO plugin. -->","yoast_head_json":{"title":"Cirug\u00eda de trompas de Falopio en Tijuana - Especialista In Vitro","description":"Dr. Alejandro Travesi especialista en OTB Salpingo en Tijuana. Obtenga atenci\u00f3n m\u00e9dica de primer nivel en nuestras cl\u00ednicas certificadas.","robots":{"index":"index","follow":"follow","max-snippet":"max-snippet:-1","max-image-preview":"max-image-preview:large","max-video-preview":"max-video-preview:-1"},"canonical":"https:\/\/ivftravesi.care\/en\/reconexion-de-trompas-de-falopio\/","og_locale":"en_US","og_type":"article","og_title":"Cirug\u00eda de trompas de Falopio en Tijuana - Especialista In Vitro","og_description":"Dr. Alejandro Travesi especialista en OTB Salpingo en Tijuana. Obtenga atenci\u00f3n m\u00e9dica de primer nivel en nuestras cl\u00ednicas certificadas.","og_url":"https:\/\/ivftravesi.care\/en\/reconexion-de-trompas-de-falopio\/","og_site_name":"Especialista In Vitro","article_modified_time":"2025-12-27T01:42:06+00:00","og_image":[{"width":1920,"height":1080,"url":"https:\/\/ivftravesi.care\/wp-content\/uploads\/2025\/11\/Mejor-Clinica-de-fertilidad-en-tijuana_.jpg","type":"image\/jpeg"}],"twitter_card":"summary_large_image","schema":{"@context":"https:\/\/schema.org","@graph":[{"@type":"WebPage","@id":"https:\/\/ivftravesi.care\/reconexion-de-trompas-de-falopio\/","url":"https:\/\/ivftravesi.care\/reconexion-de-trompas-de-falopio\/","name":"Cirug\u00eda de trompas de Falopio en Tijuana - Especialista In Vitro","isPartOf":{"@id":"https:\/\/ivftravesi.care\/#website"},"datePublished":"2025-12-27T01:42:05+00:00","dateModified":"2025-12-27T01:42:06+00:00","description":"Dr. Alejandro Travesi especialista en OTB Salpingo en Tijuana. Obtenga atenci\u00f3n m\u00e9dica de primer nivel en nuestras cl\u00ednicas certificadas.","breadcrumb":{"@id":"https:\/\/ivftravesi.care\/reconexion-de-trompas-de-falopio\/#breadcrumb"},"inLanguage":"en-US","potentialAction":[{"@type":"ReadAction","target":["https:\/\/ivftravesi.care\/reconexion-de-trompas-de-falopio\/"]}]},{"@type":"BreadcrumbList","@id":"https:\/\/ivftravesi.care\/reconexion-de-trompas-de-falopio\/#breadcrumb","itemListElement":[{"@type":"ListItem","position":1,"name":"Home","item":"https:\/\/ivftravesi.care\/"},{"@type":"ListItem","position":2,"name":"Cirug\u00eda de trompas de Falopio en Tijuana"}]},{"@type":"WebSite","@id":"https:\/\/ivftravesi.care\/#website","url":"https:\/\/ivftravesi.care\/","name":"Especialista In Vitro","description":"Fecundacion In Vitro","publisher":{"@id":"https:\/\/ivftravesi.care\/#\/schema\/person\/acfa38fba0f8d3086769adab251d4e11"},"alternateName":"Cl\u00ednica de Fertilidad en Tijuana","potentialAction":[{"@type":"SearchAction","target":{"@type":"EntryPoint","urlTemplate":"https:\/\/ivftravesi.care\/?s={search_term_string}"},"query-input":{"@type":"PropertyValueSpecification","valueRequired":true,"valueName":"search_term_string"}}],"inLanguage":"en-US"},{"@type":["Person","Organization"],"@id":"https:\/\/ivftravesi.care\/#\/schema\/person\/acfa38fba0f8d3086769adab251d4e11","name":"franciscoalejandrotravesi@gmail.com","image":{"@type":"ImageObject","inLanguage":"en-US","@id":"https:\/\/ivftravesi.care\/wp-content\/uploads\/2025\/11\/Especialista-en-Infertilidad.png","url":"https:\/\/ivftravesi.care\/wp-content\/uploads\/2025\/11\/Especialista-en-Infertilidad.png","contentUrl":"https:\/\/ivftravesi.care\/wp-content\/uploads\/2025\/11\/Especialista-en-Infertilidad.png","width":882,"height":818,"caption":"franciscoalejandrotravesi@gmail.com"},"logo":{"@id":"https:\/\/ivftravesi.care\/wp-content\/uploads\/2025\/11\/Especialista-en-Infertilidad.png"},"sameAs":["https:\/\/ivftravesi.care"]}]}},"_hostinger_reach_plugin_has_subscription_block":false,"_hostinger_reach_plugin_is_elementor":false,"_links":{"self":[{"href":"https:\/\/ivftravesi.care\/en\/wp-json\/wp\/v2\/pages\/208","targetHints":{"allow":["GET"]}}],"collection":[{"href":"https:\/\/ivftravesi.care\/en\/wp-json\/wp\/v2\/pages"}],"about":[{"href":"https:\/\/ivftravesi.care\/en\/wp-json\/wp\/v2\/types\/page"}],"author":[{"embeddable":true,"href":"https:\/\/ivftravesi.care\/en\/wp-json\/wp\/v2\/users\/1"}],"replies":[{"embeddable":true,"href":"https:\/\/ivftravesi.care\/en\/wp-json\/wp\/v2\/comments?post=208"}],"version-history":[{"count":1,"href":"https:\/\/ivftravesi.care\/en\/wp-json\/wp\/v2\/pages\/208\/revisions"}],"predecessor-version":[{"id":209,"href":"https:\/\/ivftravesi.care\/en\/wp-json\/wp\/v2\/pages\/208\/revisions\/209"}],"wp:attachment":[{"href":"https:\/\/ivftravesi.care\/en\/wp-json\/wp\/v2\/media?parent=208"}],"curies":[{"name":"wp","href":"https:\/\/api.w.org\/{rel}","templated":true}]}}